{"id":13,"date":"2026-02-19T14:36:49","date_gmt":"2026-02-19T14:36:49","guid":{"rendered":"https:\/\/artom-instalacje.pl\/?page_id=13"},"modified":"2026-02-19T15:46:33","modified_gmt":"2026-02-19T15:46:33","slug":"strona-glowna","status":"publish","type":"page","link":"https:\/\/artom-instalacje.pl\/","title":{"rendered":"Strona g\u0142\u00f3wna"},"content":{"rendered":"\t\t<div data-elementor-type=\"wp-page\" data-elementor-id=\"13\" class=\"elementor elementor-13\">\n\t\t\t\t<div class=\"elementor-element elementor-element-261e99a e-grid e-con-boxed e-con e-parent\" data-id=\"261e99a\" data-element_type=\"container\" data-e-type=\"container\">\n\t\t\t\t\t<div class=\"e-con-inner\">\n\t\t\t\t<div class=\"elementor-element elementor-element-e1adff3 elementor-widget elementor-widget-image\" data-id=\"e1adff3\" data-element_type=\"widget\" data-e-type=\"widget\" data-widget_type=\"image.default\">\n\t\t\t\t\t\t\t\t\t\t\t\t\t\t\t<img fetchpriority=\"high\" decoding=\"async\" width=\"1024\" height=\"683\" src=\"https:\/\/artom-instalacje.pl\/wp-content\/uploads\/2026\/02\/young-craftsman-building-house-1024x683.jpg\" class=\"attachment-large size-large wp-image-16\" alt=\"\" srcset=\"https:\/\/artom-instalacje.pl\/wp-content\/uploads\/2026\/02\/young-craftsman-building-house-1024x683.jpg 1024w, https:\/\/artom-instalacje.pl\/wp-content\/uploads\/2026\/02\/young-craftsman-building-house-300x200.jpg 300w, https:\/\/artom-instalacje.pl\/wp-content\/uploads\/2026\/02\/young-craftsman-building-house-768x512.jpg 768w, https:\/\/artom-instalacje.pl\/wp-content\/uploads\/2026\/02\/young-craftsman-building-house-1536x1024.jpg 1536w, https:\/\/artom-instalacje.pl\/wp-content\/uploads\/2026\/02\/young-craftsman-building-house-2048x1365.jpg 2048w\" sizes=\"(max-width: 1024px) 100vw, 1024px\" \/>\t\t\t\t\t\t\t\t\t\t\t\t\t\t\t<\/div>\n\t\t\t\t<div class=\"elementor-element elementor-element-38dba50 elementor-widget elementor-widget-heading\" data-id=\"38dba50\" data-element_type=\"widget\" data-e-type=\"widget\" data-widget_type=\"heading.default\">\n\t\t\t\t\t<h3 class=\"elementor-heading-title elementor-size-default\"><br><br><br><br><br>Firma Artom zajmuje si\u0119 hydraulik\u0105 na ternie tr\u00f3jmiasta i okolic od 2018 roku.<br><br><\/h3>\t\t\t\t<\/div>\n\t\t\t\t\t<\/div>\n\t\t\t\t<\/div>\n\t\t\t\t<\/div>\n\t\t","protected":false},"excerpt":{"rendered":"<p>Firma Artom zajmuje si\u0119 hydraulik\u0105 na ternie tr\u00f3jmiasta i okolic od 2018 roku.<\/p>\n","protected":false},"author":1,"featured_media":0,"parent":0,"menu_order":0,"comment_status":"closed","ping_status":"closed","template":"","meta":{"footnotes":""},"class_list":["post-13","page","type-page","status-publish","hentry"],"_links":{"self":[{"href":"https:\/\/artom-instalacje.pl\/index.php\/wp-json\/wp\/v2\/pages\/13","targetHints":{"allow":["GET"]}}],"collection":[{"href":"https:\/\/artom-instalacje.pl\/index.php\/wp-json\/wp\/v2\/pages"}],"about":[{"href":"https:\/\/artom-instalacje.pl\/index.php\/wp-json\/wp\/v2\/types\/page"}],"author":[{"embeddable":true,"href":"https:\/\/artom-instalacje.pl\/index.php\/wp-json\/wp\/v2\/users\/1"}],"replies":[{"embeddable":true,"href":"https:\/\/artom-instalacje.pl\/index.php\/wp-json\/wp\/v2\/comments?post=13"}],"version-history":[{"count":4,"href":"https:\/\/artom-instalacje.pl\/index.php\/wp-json\/wp\/v2\/pages\/13\/revisions"}],"predecessor-version":[{"id":19,"href":"https:\/\/artom-instalacje.pl\/index.php\/wp-json\/wp\/v2\/pages\/13\/revisions\/19"}],"wp:attachment":[{"href":"https:\/\/artom-instalacje.pl\/index.php\/wp-json\/wp\/v2\/media?parent=13"}],"curies":[{"name":"wp","href":"https:\/\/api.w.org\/{rel}","templated":true}]}}